{"id":3681,"date":"2024-02-21T09:39:11","date_gmt":"2024-02-21T02:39:11","guid":{"rendered":"https:\/\/vrt.com.vn\/product\/safefit-comfortable-12pcs-box\/"},"modified":"2024-02-21T09:39:11","modified_gmt":"2024-02-21T02:39:11","slug":"safefit-comfortable-12pcs-box","status":"publish","type":"product","link":"https:\/\/vrt.com.vn\/en\/product\/safefit-comfortable-12pcs-box\/","title":{"rendered":"Safefit Comfortable 12pcs\/box"},"content":{"rendered":"<p>We understand that sex should feel good. For a deep connection and an intimate contact, Safefit Comfortable condoms help maximise sensitivity for you and your partner whilst maintaining the same high level of protection.<\/p>\n","protected":false},"excerpt":{"rendered":"<ul>\n<li>Latex Condoms<\/li>\n<li>Size: 52 \u00b1 2 mm<\/li>\n<\/ul>\n","protected":false},"featured_media":3628,"template":"","meta":[],"product_cat":[35],"product_tag":[297,295,317],"class_list":["post-3681","product","type-product","status-publish","has-post-thumbnail","hentry","product_cat-safefit-product","product_tag-safefit-comfortable-en","product_tag-safefit-comfortable-condom","product_tag-safefit-condom-en"],"yoast_head":"<!-- This site is optimized with the Yoast SEO plugin v24.0 - https:\/\/yoast.com\/wordpress\/plugins\/seo\/ -->\n<title>Safefit Comfortable 12pcs\/box - C\u00f4ng Ty C\u00f4ng Ngh\u1ec7 Cao Su Vi\u1ec7t Nam - VRT<\/title>\n<meta name=\"robots\" content=\"index, follow, max-snippet:-1, max-image-preview:large, max-video-preview:-1\" \/>\n<link rel=\"canonical\" href=\"https:\/\/vrt.com.vn\/product\/safefit-comfortable-12pcs-box\/\" \/>\n<meta property=\"og:locale\" content=\"en_US\" \/>\n<meta property=\"og:type\" content=\"article\" \/>\n<meta property=\"og:title\" content=\"Safefit Comfortable 12pcs\/box - C\u00f4ng Ty C\u00f4ng Ngh\u1ec7 Cao Su Vi\u1ec7t Nam - VRT\" \/>\n<meta property=\"og:description\" content=\"Latex Condoms  Size: 52 \u00b1 2 mm\" \/>\n<meta property=\"og:url\" content=\"https:\/\/vrt.com.vn\/product\/safefit-comfortable-12pcs-box\/\" \/>\n<meta property=\"og:site_name\" content=\"C\u00f4ng Ty C\u00f4ng Ngh\u1ec7 Cao Su Vi\u1ec7t Nam - VRT\" \/>\n<meta property=\"article:publisher\" content=\"https:\/\/www.facebook.com\/SafefitVRT\" \/>\n<meta name=\"twitter:card\" content=\"summary_large_image\" \/>\n<script type=\"application\/ld+json\" class=\"yoast-schema-graph\">{\"@context\":\"https:\/\/schema.org\",\"@graph\":[{\"@type\":\"WebPage\",\"@id\":\"https:\/\/vrt.com.vn\/product\/safefit-comfortable-12pcs-box\/\",\"url\":\"https:\/\/vrt.com.vn\/product\/safefit-comfortable-12pcs-box\/\",\"name\":\"Safefit Comfortable 12pcs\/box - C\u00f4ng Ty C\u00f4ng Ngh\u1ec7 Cao Su Vi\u1ec7t Nam - VRT\",\"isPartOf\":{\"@id\":\"https:\/\/vrt.com.vn\/#website\"},\"primaryImageOfPage\":{\"@id\":\"https:\/\/vrt.com.vn\/product\/safefit-comfortable-12pcs-box\/#primaryimage\"},\"image\":{\"@id\":\"https:\/\/vrt.com.vn\/product\/safefit-comfortable-12pcs-box\/#primaryimage\"},\"thumbnailUrl\":\"https:\/\/vrt.com.vn\/wp-content\/uploads\/2024\/02\/safefit-comfortable-hop-12-cai.jpg\",\"datePublished\":\"2024-02-21T02:39:11+00:00\",\"dateModified\":\"2024-02-21T02:39:11+00:00\",\"breadcrumb\":{\"@id\":\"https:\/\/vrt.com.vn\/product\/safefit-comfortable-12pcs-box\/#breadcrumb\"},\"inLanguage\":\"en-US\",\"potentialAction\":[{\"@type\":\"ReadAction\",\"target\":[\"https:\/\/vrt.com.vn\/product\/safefit-comfortable-12pcs-box\/\"]}]},{\"@type\":\"ImageObject\",\"inLanguage\":\"en-US\",\"@id\":\"https:\/\/vrt.com.vn\/product\/safefit-comfortable-12pcs-box\/#primaryimage\",\"url\":\"https:\/\/vrt.com.vn\/wp-content\/uploads\/2024\/02\/safefit-comfortable-hop-12-cai.jpg\",\"contentUrl\":\"https:\/\/vrt.com.vn\/wp-content\/uploads\/2024\/02\/safefit-comfortable-hop-12-cai.jpg\",\"width\":1080,\"height\":1080},{\"@type\":\"BreadcrumbList\",\"@id\":\"https:\/\/vrt.com.vn\/product\/safefit-comfortable-12pcs-box\/#breadcrumb\",\"itemListElement\":[{\"@type\":\"ListItem\",\"position\":1,\"name\":\"Home\",\"item\":\"https:\/\/vrt.com.vn\/en\/\"},{\"@type\":\"ListItem\",\"position\":2,\"name\":\"S\u1ea3n ph\u1ea9m\",\"item\":\"https:\/\/vrt.com.vn\/san-pham\/\"},{\"@type\":\"ListItem\",\"position\":3,\"name\":\"Safefit Comfortable 12pcs\/box\"}]},{\"@type\":\"WebSite\",\"@id\":\"https:\/\/vrt.com.vn\/#website\",\"url\":\"https:\/\/vrt.com.vn\/\",\"name\":\"C\u00f4ng Ty C\u00f4ng Ngh\u1ec7 Cao Su Vi\u1ec7t Nam - VRT\",\"description\":\"Chuy\u00ean s\u1ea3n xu\u1ea5t v\u00e0 kinh doanh c\u00e1c s\u1ea3n ph\u1ea9m bao cao su cao c\u1ea5p theo d\u00e2y chuy\u00ean c\u00f4ng ngh\u1ec7 cao c\u1ee7a \u0110\u1ee9c v\u00e0 c\u00e1c s\u1ea3n ph\u1ea9m y t\u1ebf kh\u00e1c. Cung c\u1ea5p cho kh\u00e1ch h\u00e0ng nh\u1eefng s\u1ea3n ph\u1ea9m v\u1eeba ch\u1ea5t l\u01b0\u1ee3ng, v\u1eeba \u0111\u1ea3m b\u1ea3o an to\u00e0n, v\u1eeba mang \u0111\u1ebfn nh\u1eefng tr\u1ea3i nghi\u1ec7m tuy\u1ec7t v\u1eddi.\",\"publisher\":{\"@id\":\"https:\/\/vrt.com.vn\/#organization\"},\"potentialAction\":[{\"@type\":\"SearchAction\",\"target\":{\"@type\":\"EntryPoint\",\"urlTemplate\":\"https:\/\/vrt.com.vn\/?s={search_term_string}\"},\"query-input\":{\"@type\":\"PropertyValueSpecification\",\"valueRequired\":true,\"valueName\":\"search_term_string\"}}],\"inLanguage\":\"en-US\"},{\"@type\":\"Organization\",\"@id\":\"https:\/\/vrt.com.vn\/#organization\",\"name\":\"C\u00f4ng Ty C\u00f4ng Ngh\u1ec7 Cao Su Vi\u1ec7t Nam - VRT\",\"url\":\"https:\/\/vrt.com.vn\/\",\"logo\":{\"@type\":\"ImageObject\",\"inLanguage\":\"en-US\",\"@id\":\"https:\/\/vrt.com.vn\/#\/schema\/logo\/image\/\",\"url\":\"https:\/\/vrt.com.vn\/wp-content\/uploads\/2022\/08\/vrt-favorite-logo.png\",\"contentUrl\":\"https:\/\/vrt.com.vn\/wp-content\/uploads\/2022\/08\/vrt-favorite-logo.png\",\"width\":195,\"height\":195,\"caption\":\"C\u00f4ng Ty C\u00f4ng Ngh\u1ec7 Cao Su Vi\u1ec7t Nam - VRT\"},\"image\":{\"@id\":\"https:\/\/vrt.com.vn\/#\/schema\/logo\/image\/\"},\"sameAs\":[\"https:\/\/www.facebook.com\/SafefitVRT\"]}]}<\/script>\n<!-- \/ Yoast SEO plugin. -->","yoast_head_json":{"title":"Safefit Comfortable 12pcs\/box - C\u00f4ng Ty C\u00f4ng Ngh\u1ec7 Cao Su Vi\u1ec7t Nam - VRT","robots":{"index":"index","follow":"follow","max-snippet":"max-snippet:-1","max-image-preview":"max-image-preview:large","max-video-preview":"max-video-preview:-1"},"canonical":"https:\/\/vrt.com.vn\/product\/safefit-comfortable-12pcs-box\/","og_locale":"en_US","og_type":"article","og_title":"Safefit Comfortable 12pcs\/box - C\u00f4ng Ty C\u00f4ng Ngh\u1ec7 Cao Su Vi\u1ec7t Nam - VRT","og_description":"Latex Condoms  Size: 52 \u00b1 2 mm","og_url":"https:\/\/vrt.com.vn\/product\/safefit-comfortable-12pcs-box\/","og_site_name":"C\u00f4ng Ty C\u00f4ng Ngh\u1ec7 Cao Su Vi\u1ec7t Nam - VRT","article_publisher":"https:\/\/www.facebook.com\/SafefitVRT","twitter_card":"summary_large_image","schema":{"@context":"https:\/\/schema.org","@graph":[{"@type":"WebPage","@id":"https:\/\/vrt.com.vn\/product\/safefit-comfortable-12pcs-box\/","url":"https:\/\/vrt.com.vn\/product\/safefit-comfortable-12pcs-box\/","name":"Safefit Comfortable 12pcs\/box - C\u00f4ng Ty C\u00f4ng Ngh\u1ec7 Cao Su Vi\u1ec7t Nam - VRT","isPartOf":{"@id":"https:\/\/vrt.com.vn\/#website"},"primaryImageOfPage":{"@id":"https:\/\/vrt.com.vn\/product\/safefit-comfortable-12pcs-box\/#primaryimage"},"image":{"@id":"https:\/\/vrt.com.vn\/product\/safefit-comfortable-12pcs-box\/#primaryimage"},"thumbnailUrl":"https:\/\/vrt.com.vn\/wp-content\/uploads\/2024\/02\/safefit-comfortable-hop-12-cai.jpg","datePublished":"2024-02-21T02:39:11+00:00","dateModified":"2024-02-21T02:39:11+00:00","breadcrumb":{"@id":"https:\/\/vrt.com.vn\/product\/safefit-comfortable-12pcs-box\/#breadcrumb"},"inLanguage":"en-US","potentialAction":[{"@type":"ReadAction","target":["https:\/\/vrt.com.vn\/product\/safefit-comfortable-12pcs-box\/"]}]},{"@type":"ImageObject","inLanguage":"en-US","@id":"https:\/\/vrt.com.vn\/product\/safefit-comfortable-12pcs-box\/#primaryimage","url":"https:\/\/vrt.com.vn\/wp-content\/uploads\/2024\/02\/safefit-comfortable-hop-12-cai.jpg","contentUrl":"https:\/\/vrt.com.vn\/wp-content\/uploads\/2024\/02\/safefit-comfortable-hop-12-cai.jpg","width":1080,"height":1080},{"@type":"BreadcrumbList","@id":"https:\/\/vrt.com.vn\/product\/safefit-comfortable-12pcs-box\/#breadcrumb","itemListElement":[{"@type":"ListItem","position":1,"name":"Home","item":"https:\/\/vrt.com.vn\/en\/"},{"@type":"ListItem","position":2,"name":"S\u1ea3n ph\u1ea9m","item":"https:\/\/vrt.com.vn\/san-pham\/"},{"@type":"ListItem","position":3,"name":"Safefit Comfortable 12pcs\/box"}]},{"@type":"WebSite","@id":"https:\/\/vrt.com.vn\/#website","url":"https:\/\/vrt.com.vn\/","name":"C\u00f4ng Ty C\u00f4ng Ngh\u1ec7 Cao Su Vi\u1ec7t Nam - VRT","description":"Chuy\u00ean s\u1ea3n xu\u1ea5t v\u00e0 kinh doanh c\u00e1c s\u1ea3n ph\u1ea9m bao cao su cao c\u1ea5p theo d\u00e2y chuy\u00ean c\u00f4ng ngh\u1ec7 cao c\u1ee7a \u0110\u1ee9c v\u00e0 c\u00e1c s\u1ea3n ph\u1ea9m y t\u1ebf kh\u00e1c. Cung c\u1ea5p cho kh\u00e1ch h\u00e0ng nh\u1eefng s\u1ea3n ph\u1ea9m v\u1eeba ch\u1ea5t l\u01b0\u1ee3ng, v\u1eeba \u0111\u1ea3m b\u1ea3o an to\u00e0n, v\u1eeba mang \u0111\u1ebfn nh\u1eefng tr\u1ea3i nghi\u1ec7m tuy\u1ec7t v\u1eddi.","publisher":{"@id":"https:\/\/vrt.com.vn\/#organization"},"potentialAction":[{"@type":"SearchAction","target":{"@type":"EntryPoint","urlTemplate":"https:\/\/vrt.com.vn\/?s={search_term_string}"},"query-input":{"@type":"PropertyValueSpecification","valueRequired":true,"valueName":"search_term_string"}}],"inLanguage":"en-US"},{"@type":"Organization","@id":"https:\/\/vrt.com.vn\/#organization","name":"C\u00f4ng Ty C\u00f4ng Ngh\u1ec7 Cao Su Vi\u1ec7t Nam - VRT","url":"https:\/\/vrt.com.vn\/","logo":{"@type":"ImageObject","inLanguage":"en-US","@id":"https:\/\/vrt.com.vn\/#\/schema\/logo\/image\/","url":"https:\/\/vrt.com.vn\/wp-content\/uploads\/2022\/08\/vrt-favorite-logo.png","contentUrl":"https:\/\/vrt.com.vn\/wp-content\/uploads\/2022\/08\/vrt-favorite-logo.png","width":195,"height":195,"caption":"C\u00f4ng Ty C\u00f4ng Ngh\u1ec7 Cao Su Vi\u1ec7t Nam - VRT"},"image":{"@id":"https:\/\/vrt.com.vn\/#\/schema\/logo\/image\/"},"sameAs":["https:\/\/www.facebook.com\/SafefitVRT"]}]}},"_links":{"self":[{"href":"https:\/\/vrt.com.vn\/en\/wp-json\/wp\/v2\/product\/3681","targetHints":{"allow":["GET"]}}],"collection":[{"href":"https:\/\/vrt.com.vn\/en\/wp-json\/wp\/v2\/product"}],"about":[{"href":"https:\/\/vrt.com.vn\/en\/wp-json\/wp\/v2\/types\/product"}],"version-history":[{"count":0,"href":"https:\/\/vrt.com.vn\/en\/wp-json\/wp\/v2\/product\/3681\/revisions"}],"wp:featuredmedia":[{"embeddable":true,"href":"https:\/\/vrt.com.vn\/en\/wp-json\/wp\/v2\/media\/3628"}],"wp:attachment":[{"href":"https:\/\/vrt.com.vn\/en\/wp-json\/wp\/v2\/media?parent=3681"}],"wp:term":[{"taxonomy":"product_cat","embeddable":true,"href":"https:\/\/vrt.com.vn\/en\/wp-json\/wp\/v2\/product_cat?post=3681"},{"taxonomy":"product_tag","embeddable":true,"href":"https:\/\/vrt.com.vn\/en\/wp-json\/wp\/v2\/product_tag?post=3681"}],"curies":[{"name":"wp","href":"https:\/\/api.w.org\/{rel}","templated":true}]}}