{"id":3551,"date":"2013-08-10T09:14:20","date_gmt":"2013-08-10T09:14:20","guid":{"rendered":"https:\/\/vrt.com.vn\/product\/safefit-ultrathin-3pcs-box\/"},"modified":"2022-08-19T06:51:54","modified_gmt":"2022-08-19T06:51:54","slug":"safefit-ultrathin-3pcs-box","status":"publish","type":"product","link":"https:\/\/vrt.com.vn\/en\/product\/safefit-ultrathin-3pcs-box\/","title":{"rendered":"Safefit Ultrathin 3pcs\/box"},"content":{"rendered":"<ul>\n<li>Safefit Ultra Thin condoms are extra thin to help you feel even more. Despite increasing sensitivity during sex compared to your average condom, they deliver the same standard of reliability that you\u2019d expect from any<\/li>\n<li>Safefit condom. Better still, they also come with lubrication for a smoother experience for you and your partner.<\/li>\n<li>Website: https:\/\/vrt.com.vn Mobile: 038 979 9917 &#8211; 086 803 1821. Address: 112 Tr\u1ea7n H\u01b0ng \u0110\u1ea1o, Ph\u01b0\u1eddng Ph\u1ea1m Ng\u0169 L\u00e3o, Qu\u1eadn 1, H\u1ed3 Ch\u00ed Minh.<\/li>\n<\/ul>\n","protected":false},"excerpt":{"rendered":"<ul>\n<li>Latex Condoms<\/li>\n<li>Size: 49 \u00b1 2 mm<\/li>\n<li>More lubricant<\/li>\n<\/ul>\n","protected":false},"featured_media":3425,"template":"","meta":[],"product_cat":[35],"product_tag":[300,311,310],"class_list":["post-3551","product","type-product","status-publish","has-post-thumbnail","hentry","product_cat-safefit-product","product_tag-safefit-product","product_tag-safefit-ultrathin-en","product_tag-safefit-ultrathin-condom"],"yoast_head":"<!-- This site is optimized with the Yoast SEO plugin v24.0 - https:\/\/yoast.com\/wordpress\/plugins\/seo\/ -->\n<title>Safefit Ultrathin 3pcs\/box - C\u00f4ng Ty C\u00f4ng Ngh\u1ec7 Cao Su Vi\u1ec7t Nam - VRT<\/title>\n<meta name=\"robots\" content=\"index, follow, max-snippet:-1, max-image-preview:large, max-video-preview:-1\" \/>\n<link rel=\"canonical\" href=\"https:\/\/vrt.com.vn\/en\/product\/safefit-ultrathin-3pcs-box\/\" \/>\n<meta property=\"og:locale\" content=\"en_US\" \/>\n<meta property=\"og:type\" content=\"article\" \/>\n<meta property=\"og:title\" content=\"Safefit Ultrathin 3pcs\/box - C\u00f4ng Ty C\u00f4ng Ngh\u1ec7 Cao Su Vi\u1ec7t Nam - VRT\" \/>\n<meta property=\"og:description\" content=\"Latex Condoms  Size: 49 \u00b1 2 mm  More lubricant\" \/>\n<meta property=\"og:url\" content=\"https:\/\/vrt.com.vn\/en\/product\/safefit-ultrathin-3pcs-box\/\" \/>\n<meta property=\"og:site_name\" content=\"C\u00f4ng Ty C\u00f4ng Ngh\u1ec7 Cao Su Vi\u1ec7t Nam - VRT\" \/>\n<meta property=\"article:publisher\" content=\"https:\/\/www.facebook.com\/SafefitVRT\" \/>\n<meta property=\"article:modified_time\" content=\"2022-08-19T06:51:54+00:00\" \/>\n<meta property=\"og:image\" content=\"https:\/\/vrt.com.vn\/wp-content\/uploads\/2013\/08\/1-4.jpg\" \/>\n\t<meta property=\"og:image:width\" content=\"2000\" \/>\n\t<meta property=\"og:image:height\" content=\"2000\" \/>\n\t<meta property=\"og:image:type\" content=\"image\/jpeg\" \/>\n<meta name=\"twitter:card\" content=\"summary_large_image\" \/>\n<script type=\"application\/ld+json\" class=\"yoast-schema-graph\">{\"@context\":\"https:\/\/schema.org\",\"@graph\":[{\"@type\":\"WebPage\",\"@id\":\"https:\/\/vrt.com.vn\/en\/product\/safefit-ultrathin-3pcs-box\/\",\"url\":\"https:\/\/vrt.com.vn\/en\/product\/safefit-ultrathin-3pcs-box\/\",\"name\":\"Safefit Ultrathin 3pcs\/box - C\u00f4ng Ty C\u00f4ng Ngh\u1ec7 Cao Su Vi\u1ec7t Nam - VRT\",\"isPartOf\":{\"@id\":\"https:\/\/vrt.com.vn\/#website\"},\"primaryImageOfPage\":{\"@id\":\"https:\/\/vrt.com.vn\/en\/product\/safefit-ultrathin-3pcs-box\/#primaryimage\"},\"image\":{\"@id\":\"https:\/\/vrt.com.vn\/en\/product\/safefit-ultrathin-3pcs-box\/#primaryimage\"},\"thumbnailUrl\":\"https:\/\/vrt.com.vn\/wp-content\/uploads\/2013\/08\/1-4.jpg\",\"datePublished\":\"2013-08-10T09:14:20+00:00\",\"dateModified\":\"2022-08-19T06:51:54+00:00\",\"breadcrumb\":{\"@id\":\"https:\/\/vrt.com.vn\/en\/product\/safefit-ultrathin-3pcs-box\/#breadcrumb\"},\"inLanguage\":\"en-US\",\"potentialAction\":[{\"@type\":\"ReadAction\",\"target\":[\"https:\/\/vrt.com.vn\/en\/product\/safefit-ultrathin-3pcs-box\/\"]}]},{\"@type\":\"ImageObject\",\"inLanguage\":\"en-US\",\"@id\":\"https:\/\/vrt.com.vn\/en\/product\/safefit-ultrathin-3pcs-box\/#primaryimage\",\"url\":\"https:\/\/vrt.com.vn\/wp-content\/uploads\/2013\/08\/1-4.jpg\",\"contentUrl\":\"https:\/\/vrt.com.vn\/wp-content\/uploads\/2013\/08\/1-4.jpg\",\"width\":2000,\"height\":2000},{\"@type\":\"BreadcrumbList\",\"@id\":\"https:\/\/vrt.com.vn\/en\/product\/safefit-ultrathin-3pcs-box\/#breadcrumb\",\"itemListElement\":[{\"@type\":\"ListItem\",\"position\":1,\"name\":\"Home\",\"item\":\"https:\/\/vrt.com.vn\/en\/\"},{\"@type\":\"ListItem\",\"position\":2,\"name\":\"S\u1ea3n ph\u1ea9m\",\"item\":\"https:\/\/vrt.com.vn\/san-pham\/\"},{\"@type\":\"ListItem\",\"position\":3,\"name\":\"Safefit Ultrathin 3pcs\/box\"}]},{\"@type\":\"WebSite\",\"@id\":\"https:\/\/vrt.com.vn\/#website\",\"url\":\"https:\/\/vrt.com.vn\/\",\"name\":\"C\u00f4ng Ty C\u00f4ng Ngh\u1ec7 Cao Su Vi\u1ec7t Nam - VRT\",\"description\":\"Chuy\u00ean s\u1ea3n xu\u1ea5t v\u00e0 kinh doanh c\u00e1c s\u1ea3n ph\u1ea9m bao cao su cao c\u1ea5p theo d\u00e2y chuy\u00ean c\u00f4ng ngh\u1ec7 cao c\u1ee7a \u0110\u1ee9c v\u00e0 c\u00e1c s\u1ea3n ph\u1ea9m y t\u1ebf kh\u00e1c. Cung c\u1ea5p cho kh\u00e1ch h\u00e0ng nh\u1eefng s\u1ea3n ph\u1ea9m v\u1eeba ch\u1ea5t l\u01b0\u1ee3ng, v\u1eeba \u0111\u1ea3m b\u1ea3o an to\u00e0n, v\u1eeba mang \u0111\u1ebfn nh\u1eefng tr\u1ea3i nghi\u1ec7m tuy\u1ec7t v\u1eddi.\",\"publisher\":{\"@id\":\"https:\/\/vrt.com.vn\/#organization\"},\"potentialAction\":[{\"@type\":\"SearchAction\",\"target\":{\"@type\":\"EntryPoint\",\"urlTemplate\":\"https:\/\/vrt.com.vn\/?s={search_term_string}\"},\"query-input\":{\"@type\":\"PropertyValueSpecification\",\"valueRequired\":true,\"valueName\":\"search_term_string\"}}],\"inLanguage\":\"en-US\"},{\"@type\":\"Organization\",\"@id\":\"https:\/\/vrt.com.vn\/#organization\",\"name\":\"C\u00f4ng Ty C\u00f4ng Ngh\u1ec7 Cao Su Vi\u1ec7t Nam - VRT\",\"url\":\"https:\/\/vrt.com.vn\/\",\"logo\":{\"@type\":\"ImageObject\",\"inLanguage\":\"en-US\",\"@id\":\"https:\/\/vrt.com.vn\/#\/schema\/logo\/image\/\",\"url\":\"https:\/\/vrt.com.vn\/wp-content\/uploads\/2022\/08\/vrt-favorite-logo.png\",\"contentUrl\":\"https:\/\/vrt.com.vn\/wp-content\/uploads\/2022\/08\/vrt-favorite-logo.png\",\"width\":195,\"height\":195,\"caption\":\"C\u00f4ng Ty C\u00f4ng Ngh\u1ec7 Cao Su Vi\u1ec7t Nam - VRT\"},\"image\":{\"@id\":\"https:\/\/vrt.com.vn\/#\/schema\/logo\/image\/\"},\"sameAs\":[\"https:\/\/www.facebook.com\/SafefitVRT\"]}]}<\/script>\n<!-- \/ Yoast SEO plugin. -->","yoast_head_json":{"title":"Safefit Ultrathin 3pcs\/box - C\u00f4ng Ty C\u00f4ng Ngh\u1ec7 Cao Su Vi\u1ec7t Nam - VRT","robots":{"index":"index","follow":"follow","max-snippet":"max-snippet:-1","max-image-preview":"max-image-preview:large","max-video-preview":"max-video-preview:-1"},"canonical":"https:\/\/vrt.com.vn\/en\/product\/safefit-ultrathin-3pcs-box\/","og_locale":"en_US","og_type":"article","og_title":"Safefit Ultrathin 3pcs\/box - C\u00f4ng Ty C\u00f4ng Ngh\u1ec7 Cao Su Vi\u1ec7t Nam - VRT","og_description":"Latex Condoms  Size: 49 \u00b1 2 mm  More lubricant","og_url":"https:\/\/vrt.com.vn\/en\/product\/safefit-ultrathin-3pcs-box\/","og_site_name":"C\u00f4ng Ty C\u00f4ng Ngh\u1ec7 Cao Su Vi\u1ec7t Nam - VRT","article_publisher":"https:\/\/www.facebook.com\/SafefitVRT","article_modified_time":"2022-08-19T06:51:54+00:00","og_image":[{"width":2000,"height":2000,"url":"https:\/\/vrt.com.vn\/wp-content\/uploads\/2013\/08\/1-4.jpg","type":"image\/jpeg"}],"twitter_card":"summary_large_image","schema":{"@context":"https:\/\/schema.org","@graph":[{"@type":"WebPage","@id":"https:\/\/vrt.com.vn\/en\/product\/safefit-ultrathin-3pcs-box\/","url":"https:\/\/vrt.com.vn\/en\/product\/safefit-ultrathin-3pcs-box\/","name":"Safefit Ultrathin 3pcs\/box - C\u00f4ng Ty C\u00f4ng Ngh\u1ec7 Cao Su Vi\u1ec7t Nam - VRT","isPartOf":{"@id":"https:\/\/vrt.com.vn\/#website"},"primaryImageOfPage":{"@id":"https:\/\/vrt.com.vn\/en\/product\/safefit-ultrathin-3pcs-box\/#primaryimage"},"image":{"@id":"https:\/\/vrt.com.vn\/en\/product\/safefit-ultrathin-3pcs-box\/#primaryimage"},"thumbnailUrl":"https:\/\/vrt.com.vn\/wp-content\/uploads\/2013\/08\/1-4.jpg","datePublished":"2013-08-10T09:14:20+00:00","dateModified":"2022-08-19T06:51:54+00:00","breadcrumb":{"@id":"https:\/\/vrt.com.vn\/en\/product\/safefit-ultrathin-3pcs-box\/#breadcrumb"},"inLanguage":"en-US","potentialAction":[{"@type":"ReadAction","target":["https:\/\/vrt.com.vn\/en\/product\/safefit-ultrathin-3pcs-box\/"]}]},{"@type":"ImageObject","inLanguage":"en-US","@id":"https:\/\/vrt.com.vn\/en\/product\/safefit-ultrathin-3pcs-box\/#primaryimage","url":"https:\/\/vrt.com.vn\/wp-content\/uploads\/2013\/08\/1-4.jpg","contentUrl":"https:\/\/vrt.com.vn\/wp-content\/uploads\/2013\/08\/1-4.jpg","width":2000,"height":2000},{"@type":"BreadcrumbList","@id":"https:\/\/vrt.com.vn\/en\/product\/safefit-ultrathin-3pcs-box\/#breadcrumb","itemListElement":[{"@type":"ListItem","position":1,"name":"Home","item":"https:\/\/vrt.com.vn\/en\/"},{"@type":"ListItem","position":2,"name":"S\u1ea3n ph\u1ea9m","item":"https:\/\/vrt.com.vn\/san-pham\/"},{"@type":"ListItem","position":3,"name":"Safefit Ultrathin 3pcs\/box"}]},{"@type":"WebSite","@id":"https:\/\/vrt.com.vn\/#website","url":"https:\/\/vrt.com.vn\/","name":"C\u00f4ng Ty C\u00f4ng Ngh\u1ec7 Cao Su Vi\u1ec7t Nam - VRT","description":"Chuy\u00ean s\u1ea3n xu\u1ea5t v\u00e0 kinh doanh c\u00e1c s\u1ea3n ph\u1ea9m bao cao su cao c\u1ea5p theo d\u00e2y chuy\u00ean c\u00f4ng ngh\u1ec7 cao c\u1ee7a \u0110\u1ee9c v\u00e0 c\u00e1c s\u1ea3n ph\u1ea9m y t\u1ebf kh\u00e1c. Cung c\u1ea5p cho kh\u00e1ch h\u00e0ng nh\u1eefng s\u1ea3n ph\u1ea9m v\u1eeba ch\u1ea5t l\u01b0\u1ee3ng, v\u1eeba \u0111\u1ea3m b\u1ea3o an to\u00e0n, v\u1eeba mang \u0111\u1ebfn nh\u1eefng tr\u1ea3i nghi\u1ec7m tuy\u1ec7t v\u1eddi.","publisher":{"@id":"https:\/\/vrt.com.vn\/#organization"},"potentialAction":[{"@type":"SearchAction","target":{"@type":"EntryPoint","urlTemplate":"https:\/\/vrt.com.vn\/?s={search_term_string}"},"query-input":{"@type":"PropertyValueSpecification","valueRequired":true,"valueName":"search_term_string"}}],"inLanguage":"en-US"},{"@type":"Organization","@id":"https:\/\/vrt.com.vn\/#organization","name":"C\u00f4ng Ty C\u00f4ng Ngh\u1ec7 Cao Su Vi\u1ec7t Nam - VRT","url":"https:\/\/vrt.com.vn\/","logo":{"@type":"ImageObject","inLanguage":"en-US","@id":"https:\/\/vrt.com.vn\/#\/schema\/logo\/image\/","url":"https:\/\/vrt.com.vn\/wp-content\/uploads\/2022\/08\/vrt-favorite-logo.png","contentUrl":"https:\/\/vrt.com.vn\/wp-content\/uploads\/2022\/08\/vrt-favorite-logo.png","width":195,"height":195,"caption":"C\u00f4ng Ty C\u00f4ng Ngh\u1ec7 Cao Su Vi\u1ec7t Nam - VRT"},"image":{"@id":"https:\/\/vrt.com.vn\/#\/schema\/logo\/image\/"},"sameAs":["https:\/\/www.facebook.com\/SafefitVRT"]}]}},"_links":{"self":[{"href":"https:\/\/vrt.com.vn\/en\/wp-json\/wp\/v2\/product\/3551","targetHints":{"allow":["GET"]}}],"collection":[{"href":"https:\/\/vrt.com.vn\/en\/wp-json\/wp\/v2\/product"}],"about":[{"href":"https:\/\/vrt.com.vn\/en\/wp-json\/wp\/v2\/types\/product"}],"version-history":[{"count":1,"href":"https:\/\/vrt.com.vn\/en\/wp-json\/wp\/v2\/product\/3551\/revisions"}],"predecessor-version":[{"id":3552,"href":"https:\/\/vrt.com.vn\/en\/wp-json\/wp\/v2\/product\/3551\/revisions\/3552"}],"wp:featuredmedia":[{"embeddable":true,"href":"https:\/\/vrt.com.vn\/en\/wp-json\/wp\/v2\/media\/3425"}],"wp:attachment":[{"href":"https:\/\/vrt.com.vn\/en\/wp-json\/wp\/v2\/media?parent=3551"}],"wp:term":[{"taxonomy":"product_cat","embeddable":true,"href":"https:\/\/vrt.com.vn\/en\/wp-json\/wp\/v2\/product_cat?post=3551"},{"taxonomy":"product_tag","embeddable":true,"href":"https:\/\/vrt.com.vn\/en\/wp-json\/wp\/v2\/product_tag?post=3551"}],"curies":[{"name":"wp","href":"https:\/\/api.w.org\/{rel}","templated":true}]}}